{"id":1585,"date":"2026-04-07T09:29:38","date_gmt":"2026-04-07T09:29:38","guid":{"rendered":"https:\/\/finosil.com\/?post_type=product&#038;p=1585"},"modified":"2026-04-09T02:15:15","modified_gmt":"2026-04-09T02:15:15","slug":"finos-32-silicone-sealant-for-stone-and-metal-curtain-walls","status":"publish","type":"product","link":"https:\/\/finosil.com\/vi\/san-pham\/finos-32-silicone-sealant-for-stone-and-metal-curtain-walls\/","title":{"rendered":"FNS-32 \u2013 Keo silicone d\u00f9ng cho t\u01b0\u1eddng k\u00ednh b\u1eb1ng \u0111\u00e1 v\u00e0 kim lo\u1ea1i"},"content":{"rendered":"","protected":false},"excerpt":{"rendered":"","protected":false},"featured_media":1694,"template":"","meta":{"_acf_changed":false,"site-sidebar-layout":"default","site-content-layout":"","ast-site-content-layout":"default","site-content-style":"default","site-sidebar-style":"default","ast-global-header-display":"","ast-banner-title-visibility":"","ast-main-header-display":"","ast-hfb-above-header-display":"","ast-hfb-below-header-display":"","ast-hfb-mobile-header-display":"","site-post-title":"","ast-breadcrumbs-content":"","ast-featured-img":"","footer-sml-layout":"","ast-disable-related-posts":"","theme-transparent-header-meta":"default","adv-header-id-meta":"","stick-header-meta":"","header-above-stick-meta":"","header-main-stick-meta":"","header-below-stick-meta":"","astra-migrate-meta-layouts":"set","ast-page-background-enabled":"default","ast-page-background-meta":{"desktop":{"background-color":"var(--ast-global-color-4)","background-image":"","background-repeat":"repeat","background-position":"center center","background-size":"auto","background-attachment":"scroll","background-type":"","background-media":"","overlay-type":"","overlay-color":"","overlay-opacity":"","overlay-gradient":""},"tablet":{"background-color":"","background-image":"","background-repeat":"repeat","background-position":"center center","background-size":"auto","background-attachment":"scroll","background-type":"","background-media":"","overlay-type":"","overlay-color":"","overlay-opacity":"","overlay-gradient":""},"mobile":{"background-color":"","background-image":"","background-repeat":"repeat","background-position":"center center","background-size":"auto","background-attachment":"scroll","background-type":"","background-media":"","overlay-type":"","overlay-color":"","overlay-opacity":"","overlay-gradient":""}},"ast-content-background-meta":{"desktop":{"background-color":"var(--ast-global-color-5)","background-image":"","background-repeat":"repeat","background-position":"center center","background-size":"auto","background-attachment":"scroll","background-type":"","background-media":"","overlay-type":"","overlay-color":"","overlay-opacity":"","overlay-gradient":""},"tablet":{"background-color":"var(--ast-global-color-5)","background-image":"","background-repeat":"repeat","background-position":"center center","background-size":"auto","background-attachment":"scroll","background-type":"","background-media":"","overlay-type":"","overlay-color":"","overlay-opacity":"","overlay-gradient":""},"mobile":{"background-color":"var(--ast-global-color-5)","background-image":"","background-repeat":"repeat","background-position":"center center","background-size":"auto","background-attachment":"scroll","background-type":"","background-media":"","overlay-type":"","overlay-color":"","overlay-opacity":"","overlay-gradient":""}}},"application":[],"product_brand":[],"product_cat":[56,43],"product_tag":[68],"class_list":{"0":"post-1585","1":"product","2":"type-product","3":"status-publish","4":"has-post-thumbnail","6":"product_cat-neutral-silicone-sealant","7":"product_cat-silicone-sealant","8":"product_tag-curtainwall-and-ig-solutions","9":"desktop-align-left","10":"tablet-align-left","11":"mobile-align-left","13":"first","14":"instock","15":"shipping-taxable","16":"product-type-simple"},"acf":[],"_links":{"self":[{"href":"https:\/\/finosil.com\/vi\/wp-json\/wp\/v2\/product\/1585","targetHints":{"allow":["GET"]}}],"collection":[{"href":"https:\/\/finosil.com\/vi\/wp-json\/wp\/v2\/product"}],"about":[{"href":"https:\/\/finosil.com\/vi\/wp-json\/wp\/v2\/types\/product"}],"wp:featuredmedia":[{"embeddable":true,"href":"https:\/\/finosil.com\/vi\/wp-json\/wp\/v2\/media\/1694"}],"wp:attachment":[{"href":"https:\/\/finosil.com\/vi\/wp-json\/wp\/v2\/media?parent=1585"}],"wp:term":[{"taxonomy":"application","embeddable":true,"href":"https:\/\/finosil.com\/vi\/wp-json\/wp\/v2\/application?post=1585"},{"taxonomy":"product_brand","embeddable":true,"href":"https:\/\/finosil.com\/vi\/wp-json\/wp\/v2\/product_brand?post=1585"},{"taxonomy":"product_cat","embeddable":true,"href":"https:\/\/finosil.com\/vi\/wp-json\/wp\/v2\/product_cat?post=1585"},{"taxonomy":"product_tag","embeddable":true,"href":"https:\/\/finosil.com\/vi\/wp-json\/wp\/v2\/product_tag?post=1585"}],"curies":[{"name":"wp","href":"https:\/\/api.w.org\/{rel}","templated":true}]}}