{"id":541,"date":"2024-12-06T12:17:55","date_gmt":"2024-12-06T12:17:55","guid":{"rendered":"https:\/\/finosil.com\/?page_id=541"},"modified":"2025-01-10T01:27:55","modified_gmt":"2025-01-10T01:27:55","slug":"manufacturing","status":"publish","type":"page","link":"https:\/\/finosil.com\/vi\/manufacturing\/","title":{"rendered":"S\u1ea3n xu\u1ea5t"},"content":{"rendered":"<div data-elementor-type=\"wp-page\" data-elementor-id=\"541\" class=\"elementor elementor-541\" data-elementor-post-type=\"page\">\n\t\t\t\t<div class=\"elementor-element elementor-element-2035765 e-flex e-con-boxed e-con e-parent\" data-id=\"2035765\" data-element_type=\"container\" data-e-type=\"container\" data-settings=\"{&quot;background_background&quot;:&quot;classic&quot;}\">\n\t\t\t\t\t<div class=\"e-con-inner\">\n\t\t\t\t<div class=\"elementor-element elementor-element-68aee46 elementor-widget elementor-widget-heading\" data-id=\"68aee46\" data-element_type=\"widget\" data-e-type=\"widget\" data-widget_type=\"heading.default\">\n\t\t\t\t<div class=\"elementor-widget-container\">\n\t\t\t\t\t<h1 class=\"elementor-heading-title elementor-size-default\">S\u1ef1 xu\u1ea5t s\u1eafc trong s\u1ea3n xu\u1ea5t t\u1ea1i Finos<\/h1>\t\t\t\t<\/div>\n\t\t\t\t<\/div>\n\t\t\t\t<div class=\"elementor-element elementor-element-2efcb2c elementor-widget__width-initial elementor-widget-mobile__width-inherit elementor-widget elementor-widget-text-editor\" data-id=\"2efcb2c\" data-element_type=\"widget\" data-e-type=\"widget\" data-widget_type=\"text-editor.default\">\n\t\t\t\t<div class=\"elementor-widget-container\">\n\t\t\t\t\t\t\t\t\tFinos \u0111\u01b0\u1ee3c c\u00f4ng nh\u1eadn l\u00e0 m\u1ed9t trong nh\u1eefng doanh nghi\u1ec7p c\u00f4ng ngh\u1ec7 cao h\u00e0ng \u0111\u1ea7u t\u1ea1i Trung Qu\u1ed1c.\t\t\t\t\t\t\t\t<\/div>\n\t\t\t\t<\/div>\n\t\t\t\t\t<\/div>\n\t\t\t\t<\/div>\n\t\t<div class=\"elementor-element elementor-element-c539e48 e-flex e-con-boxed e-con e-parent\" data-id=\"c539e48\" data-element_type=\"container\" data-e-type=\"container\" data-settings=\"{&quot;background_background&quot;:&quot;classic&quot;}\">\n\t\t\t\t\t<div class=\"e-con-inner\">\n\t\t\t\t<div class=\"elementor-element elementor-element-a825418 elementor-icon-list--layout-inline elementor-align-center elementor-widget__width-initial elementor-list-item-link-full_width elementor-widget elementor-widget-icon-list\" data-id=\"a825418\" data-element_type=\"widget\" data-e-type=\"widget\" data-widget_type=\"icon-list.default\">\n\t\t\t\t<div class=\"elementor-widget-container\">\n\t\t\t\t\t\t\t<ul class=\"elementor-icon-list-items elementor-inline-items\">\n\t\t\t\t\t\t\t<li class=\"elementor-icon-list-item elementor-inline-item\">\n\t\t\t\t\t\t\t\t\t\t\t<a href=\"https:\/\/finosil.com\/vi\">\n\n\t\t\t\t\t\t\t\t\t\t\t<span class=\"elementor-icon-list-text\">Trang ch\u1ee7<\/span>\n\t\t\t\t\t\t\t\t\t\t\t<\/a>\n\t\t\t\t\t\t\t\t\t<\/li>\n\t\t\t\t\t\t\t\t<li class=\"elementor-icon-list-item elementor-inline-item\">\n\t\t\t\t\t\t\t\t\t\t\t<span class=\"elementor-icon-list-icon\">\n\t\t\t\t\t\t\t<svg aria-hidden=\"true\" class=\"e-font-icon-svg e-fas-angle-double-right\" viewbox=\"0 0 448 512\" xmlns=\"http:\/\/www.w3.org\/2000\/svg\"><path d=\"M224.3 273l-136 136c-9.4 9.4-24.6 9.4-33.9 0l-22.6-22.6c-9.4-9.4-9.4-24.6 0-33.9l96.4-96.4-96.4-96.4c-9.4-9.4-9.4-24.6 0-33.9L54.3 103c9.4-9.4 24.6-9.4 33.9 0l136 136c9.5 9.4 9.5 24.6.1 34zm192-34l-136-136c-9.4-9.4-24.6-9.4-33.9 0l-22.6 22.6c-9.4 9.4-9.4 24.6 0 33.9l96.4 96.4-96.4 96.4c-9.4 9.4-9.4 24.6 0 33.9l22.6 22.6c9.4 9.4 24.6 9.4 33.9 0l136-136c9.4-9.2 9.4-24.4 0-33.8z\"><\/path><\/svg>\t\t\t\t\t\t<\/span>\n\t\t\t\t\t\t\t\t\t\t<span class=\"elementor-icon-list-text\">S\u1ea3n xu\u1ea5t<\/span>\n\t\t\t\t\t\t\t\t\t<\/li>\n\t\t\t\t\t\t<\/ul>\n\t\t\t\t\t\t<\/div>\n\t\t\t\t<\/div>\n\t\t\t\t\t<\/div>\n\t\t\t\t<\/div>\n\t\t<div class=\"elementor-element elementor-element-7abd6c9 e-flex e-con-boxed e-con e-parent\" data-id=\"7abd6c9\" data-element_type=\"container\" data-e-type=\"container\">\n\t\t\t\t\t<div class=\"e-con-inner\">\n\t\t<div class=\"elementor-element elementor-element-d8242e0 e-con-full e-flex e-con e-child\" data-id=\"d8242e0\" data-element_type=\"container\" data-e-type=\"container\">\n\t\t\t\t<div class=\"elementor-element elementor-element-9b397d0 elementor-widget-divider--view-line elementor-widget elementor-widget-divider\" data-id=\"9b397d0\" data-element_type=\"widget\" data-e-type=\"widget\" data-widget_type=\"divider.default\">\n\t\t\t\t<div class=\"elementor-widget-container\">\n\t\t\t\t\t\t\t<div class=\"elementor-divider\">\n\t\t\t<span class=\"elementor-divider-separator\">\n\t\t\t\t\t\t<\/span>\n\t\t<\/div>\n\t\t\t\t\t\t<\/div>\n\t\t\t\t<\/div>\n\t\t\t\t<div class=\"elementor-element elementor-element-1abdd68 elementor-widget elementor-widget-heading\" data-id=\"1abdd68\" data-element_type=\"widget\" data-e-type=\"widget\" data-widget_type=\"heading.default\">\n\t\t\t\t<div class=\"elementor-widget-container\">\n\t\t\t\t\t<h2 class=\"elementor-heading-title elementor-size-default\">H\u00e3y t\u1eadn h\u01b0\u1edfng nh\u1eefng l\u1ee3i \u00edch t\u1eeb c\u00e1c d\u1ecbch v\u1ee5 c\u1ee7a ch\u00fang t\u00f4i<\/h2>\t\t\t\t<\/div>\n\t\t\t\t<\/div>\n\t\t\t\t<div class=\"elementor-element elementor-element-dffc604 elementor-widget elementor-widget-text-editor\" data-id=\"dffc604\" data-element_type=\"widget\" data-e-type=\"widget\" data-widget_type=\"text-editor.default\">\n\t\t\t\t<div class=\"elementor-widget-container\">\n\t\t\t\t\t\t\t\t\t<p>Ch\u00fang t\u00f4i hi\u1ec3u r\u1eb1ng ch\u1ea5t l\u01b0\u1ee3ng v\u00e0 th\u1eddi gian giao h\u00e0ng nhanh ch\u00f3ng l\u00e0 y\u1ebfu t\u1ed1 then ch\u1ed1t cho s\u1ef1 ph\u00e1t tri\u1ec3n kinh doanh c\u1ee7a kh\u00e1ch h\u00e0ng. Ch\u00ednh v\u00ec v\u1eady, ch\u00fang t\u00f4i \u0111\u1ea7u t\u01b0 h\u01a1n 1.430 tri\u1ec7u \u0111\u1ed3ng m\u1ed7i n\u0103m \u0111\u1ec3 n\u00e2ng c\u1ea5p trang thi\u1ebft b\u1ecb. V\u1edbi c\u00f4ng su\u1ea5t s\u1ea3n xu\u1ea5t hi\u1ec7n t\u1ea1i l\u00e0 50.000 t\u1ea5n\/n\u0103m, ch\u00fang t\u00f4i t\u1ef1 h\u00e0o \u0111\u01b0\u1ee3c \u0111\u1ed3ng h\u00e0nh c\u00f9ng s\u1ef1 ph\u00e1t tri\u1ec3n b\u1ec1n v\u1eefng c\u1ee7a kh\u00e1ch h\u00e0ng.<\/p><p>Finos cam k\u1ebft ti\u1ebfp t\u1ee5c \u0111\u1ea7u t\u01b0 v\u00e0o \u0111\u1ed5i m\u1edbi c\u00f4ng ngh\u1ec7, ph\u00e1t tri\u1ec3n s\u1ea3n ph\u1ea9m, n\u00e2ng cao ch\u1ea5t l\u01b0\u1ee3ng d\u1ecbch v\u1ee5 v\u00e0 c\u1ea3i thi\u1ec7n c\u00f4ng t\u00e1c qu\u1ea3n l\u00fd. Ch\u00fang t\u00f4i n\u1ed7 l\u1ef1c m\u1edf r\u1ed9ng danh m\u1ee5c s\u1ea3n ph\u1ea9m keo silicone nh\u1eb1m \u0111\u00e1p \u1ee9ng nh\u1eefng nhu c\u1ea7u ng\u00e0y c\u00e0ng \u0111a d\u1ea1ng c\u1ee7a th\u1ecb tr\u01b0\u1eddng.<\/p>\t\t\t\t\t\t\t\t<\/div>\n\t\t\t\t<\/div>\n\t\t\t\t<\/div>\n\t\t<div class=\"elementor-element elementor-element-1ee3de0 e-con-full e-flex e-con e-child\" data-id=\"1ee3de0\" data-element_type=\"container\" data-e-type=\"container\">\n\t\t\t\t<div class=\"elementor-element elementor-element-ecebee7 elementor-widget elementor-widget-image\" data-id=\"ecebee7\" data-element_type=\"widget\" data-e-type=\"widget\" data-widget_type=\"image.default\">\n\t\t\t\t<div class=\"elementor-widget-container\">\n\t\t\t\t\t\t\t\t\t\t\t\t\t\t\t<img fetchpriority=\"high\" decoding=\"async\" width=\"600\" height=\"450\" src=\"https:\/\/finosil.com\/wp-content\/uploads\/2024\/11\/Advanced-Technology-Equipment.jpg\" class=\"attachment-large size-large wp-image-309\" alt=\"Advanced Technology &amp; Equipment\" srcset=\"https:\/\/finosil.com\/wp-content\/uploads\/2024\/11\/Advanced-Technology-Equipment.jpg 600w, https:\/\/finosil.com\/wp-content\/uploads\/2024\/11\/Advanced-Technology-Equipment-300x225.jpg 300w\" sizes=\"(max-width: 600px) 100vw, 600px\" \/>\t\t\t\t\t\t\t\t\t\t\t\t\t\t\t<\/div>\n\t\t\t\t<\/div>\n\t\t\t\t<\/div>\n\t\t\t\t\t<\/div>\n\t\t\t\t<\/div>\n\t\t<div class=\"elementor-element elementor-element-f3cc263 e-flex e-con-boxed e-con e-parent\" data-id=\"f3cc263\" data-element_type=\"container\" data-e-type=\"container\" data-settings=\"{&quot;background_background&quot;:&quot;classic&quot;}\">\n\t\t\t\t\t<div class=\"e-con-inner\">\n\t\t<div class=\"elementor-element elementor-element-dbf88e4 e-con-full e-flex e-con e-child\" data-id=\"dbf88e4\" data-element_type=\"container\" data-e-type=\"container\">\n\t\t\t\t<div class=\"elementor-element elementor-element-6dfb380 elementor-widget elementor-widget-image\" data-id=\"6dfb380\" data-element_type=\"widget\" data-e-type=\"widget\" data-widget_type=\"image.default\">\n\t\t\t\t<div class=\"elementor-widget-container\">\n\t\t\t\t\t\t\t\t\t\t\t\t\t\t\t<img fetchpriority=\"high\" decoding=\"async\" width=\"600\" height=\"450\" src=\"https:\/\/finosil.com\/wp-content\/uploads\/2024\/11\/Advanced-Technology-Equipment.jpg\" class=\"attachment-large size-large wp-image-309\" alt=\"Advanced Technology &amp; Equipment\" srcset=\"https:\/\/finosil.com\/wp-content\/uploads\/2024\/11\/Advanced-Technology-Equipment.jpg 600w, https:\/\/finosil.com\/wp-content\/uploads\/2024\/11\/Advanced-Technology-Equipment-300x225.jpg 300w\" sizes=\"(max-width: 600px) 100vw, 600px\" \/>\t\t\t\t\t\t\t\t\t\t\t\t\t\t\t<\/div>\n\t\t\t\t<\/div>\n\t\t\t\t<\/div>\n\t\t<div class=\"elementor-element elementor-element-70047e5 e-con-full e-flex e-con e-child\" data-id=\"70047e5\" data-element_type=\"container\" data-e-type=\"container\">\n\t\t\t\t<div class=\"elementor-element elementor-element-34c5336 elementor-widget-divider--view-line elementor-widget elementor-widget-divider\" data-id=\"34c5336\" data-element_type=\"widget\" data-e-type=\"widget\" data-widget_type=\"divider.default\">\n\t\t\t\t<div class=\"elementor-widget-container\">\n\t\t\t\t\t\t\t<div class=\"elementor-divider\">\n\t\t\t<span class=\"elementor-divider-separator\">\n\t\t\t\t\t\t<\/span>\n\t\t<\/div>\n\t\t\t\t\t\t<\/div>\n\t\t\t\t<\/div>\n\t\t\t\t<div class=\"elementor-element elementor-element-4fe0941 elementor-widget elementor-widget-heading\" data-id=\"4fe0941\" data-element_type=\"widget\" data-e-type=\"widget\" data-widget_type=\"heading.default\">\n\t\t\t\t<div class=\"elementor-widget-container\">\n\t\t\t\t\t<h2 class=\"elementor-heading-title elementor-size-default\">S\u1ea3n xu\u1ea5t d\u1ef1a tr\u00ean ngu\u1ed3n nh\u00e2n l\u1ef1c<\/h2>\t\t\t\t<\/div>\n\t\t\t\t<\/div>\n\t\t\t\t<div class=\"elementor-element elementor-element-b47ce79 elementor-widget elementor-widget-text-editor\" data-id=\"b47ce79\" data-element_type=\"widget\" data-e-type=\"widget\" data-widget_type=\"text-editor.default\">\n\t\t\t\t<div class=\"elementor-widget-container\">\n\t\t\t\t\t\t\t\t\tT\u1ea1i Finos, ch\u00fang t\u00f4i \u00e1p d\u1ee5ng H\u1ec7 th\u1ed1ng Nghi\u00ean c\u1ee9u Chuy\u00ean nghi\u1ec7p \u0110a ng\u00e0nh. Trung t\u00e2m nghi\u00ean c\u1ee9u c\u1ee7a ch\u00fang t\u00f4i bao g\u1ed3m 10 k\u1ef9 s\u01b0 (trong \u0111\u00f3 c\u00f3 4 ng\u01b0\u1eddi \u0111\u1ea1t Ch\u1ee9ng ch\u1ec9 K\u1ef9 s\u01b0 Cao c\u1ea5p), h\u01a1n 40 k\u1ef9 s\u01b0 ph\u1ee5 t\u00e1 v\u00e0 h\u01a1n 30 k\u1ef9 thu\u1eadt vi\u00ean ph\u00f2ng th\u00ed nghi\u1ec7m. \u0110\u1ed9i ng\u0169 chuy\u00ean gia gi\u00e0u kinh nghi\u1ec7m n\u00e0y l\u00e0 \u0111\u1ed9ng l\u1ef1c th\u00fac \u0111\u1ea9y n\u0103ng l\u1ef1c s\u1ea3n xu\u1ea5t c\u1ee7a ch\u00fang t\u00f4i v\u00e0 \u0111\u1ea3m b\u1ea3o ch\u00fang t\u00f4i lu\u00f4n \u0111i \u0111\u1ea7u trong l\u0129nh v\u1ef1c \u0111\u1ed5i m\u1edbi.\t\t\t\t\t\t\t\t<\/div>\n\t\t\t\t<\/div>\n\t\t\t\t<\/div>\n\t\t\t\t\t<\/div>\n\t\t\t\t<\/div>\n\t\t<div class=\"elementor-element elementor-element-86344e1 e-flex e-con-boxed e-con e-parent\" data-id=\"86344e1\" data-element_type=\"container\" data-e-type=\"container\">\n\t\t\t\t\t<div class=\"e-con-inner\">\n\t\t<div class=\"elementor-element elementor-element-9d815d5 e-con-full e-flex e-con e-child\" data-id=\"9d815d5\" data-element_type=\"container\" data-e-type=\"container\">\n\t\t\t\t<div class=\"elementor-element elementor-element-5440189 elementor-widget-divider--view-line elementor-widget elementor-widget-divider\" data-id=\"5440189\" data-element_type=\"widget\" data-e-type=\"widget\" data-widget_type=\"divider.default\">\n\t\t\t\t<div class=\"elementor-widget-container\">\n\t\t\t\t\t\t\t<div class=\"elementor-divider\">\n\t\t\t<span class=\"elementor-divider-separator\">\n\t\t\t\t\t\t<\/span>\n\t\t<\/div>\n\t\t\t\t\t\t<\/div>\n\t\t\t\t<\/div>\n\t\t\t\t<div class=\"elementor-element elementor-element-b397d6f elementor-widget elementor-widget-heading\" data-id=\"b397d6f\" data-element_type=\"widget\" data-e-type=\"widget\" data-widget_type=\"heading.default\">\n\t\t\t\t<div class=\"elementor-widget-container\">\n\t\t\t\t\t<h2 class=\"elementor-heading-title elementor-size-default\">C\u00e1c quy tr\u00ecnh s\u1ea3n xu\u1ea5t \u0111\u01b0\u1ee3c t\u1ed1i \u01b0u h\u00f3a<\/h2>\t\t\t\t<\/div>\n\t\t\t\t<\/div>\n\t\t\t\t<div class=\"elementor-element elementor-element-27455d8 elementor-widget elementor-widget-text-editor\" data-id=\"27455d8\" data-element_type=\"widget\" data-e-type=\"widget\" data-widget_type=\"text-editor.default\">\n\t\t\t\t<div class=\"elementor-widget-container\">\n\t\t\t\t\t\t\t\t\t<p>C\u00e1c quy tr\u00ecnh s\u1ea3n xu\u1ea5t \u0111\u01b0\u1ee3c t\u1ed1i \u01b0u h\u00f3a<br \/>Ch\u00fang t\u00f4i lu\u00f4n ch\u00fa tr\u1ecdng t\u1eebng chi ti\u1ebft trong quy tr\u00ecnh s\u1ea3n xu\u1ea5t, \u0111i\u1ec1u n\u00e0y gi\u00fap ch\u00fang t\u00f4i duy tr\u00ec t\u00ednh nh\u1ea5t qu\u00e1n v\u00e0 \u0111\u1ea3m b\u1ea3o c\u00e1c ti\u00eau chu\u1ea9n ch\u1ea5t l\u01b0\u1ee3ng cao nh\u1ea5t trong m\u1ecdi giai \u0111o\u1ea1n s\u1ea3n xu\u1ea5t.<\/p>\t\t\t\t\t\t\t\t<\/div>\n\t\t\t\t<\/div>\n\t\t\t\t<\/div>\n\t\t<div class=\"elementor-element elementor-element-970fb80 e-con-full e-flex e-con e-child\" data-id=\"970fb80\" data-element_type=\"container\" data-e-type=\"container\">\n\t\t\t\t<div class=\"elementor-element elementor-element-ac9ef23 elementor-widget elementor-widget-image\" data-id=\"ac9ef23\" data-element_type=\"widget\" data-e-type=\"widget\" data-widget_type=\"image.default\">\n\t\t\t\t<div class=\"elementor-widget-container\">\n\t\t\t\t\t\t\t\t\t\t\t\t\t\t\t<img decoding=\"async\" width=\"1024\" height=\"578\" src=\"https:\/\/finosil.com\/wp-content\/uploads\/2024\/12\/manufacturer-process-1024x578.png\" class=\"attachment-large size-large wp-image-668\" alt=\"\" srcset=\"https:\/\/finosil.com\/wp-content\/uploads\/2024\/12\/manufacturer-process-1024x578.png 1024w, https:\/\/finosil.com\/wp-content\/uploads\/2024\/12\/manufacturer-process-300x169.png 300w, https:\/\/finosil.com\/wp-content\/uploads\/2024\/12\/manufacturer-process-768x434.png 768w, https:\/\/finosil.com\/wp-content\/uploads\/2024\/12\/manufacturer-process-600x339.png 600w, https:\/\/finosil.com\/wp-content\/uploads\/2024\/12\/manufacturer-process.png 1360w\" sizes=\"(max-width: 1024px) 100vw, 1024px\" \/>\t\t\t\t\t\t\t\t\t\t\t\t\t\t\t<\/div>\n\t\t\t\t<\/div>\n\t\t\t\t<\/div>\n\t\t\t\t\t<\/div>\n\t\t\t\t<\/div>\n\t\t\t\t<\/div>","protected":false},"excerpt":{"rendered":"<p>Manufacturing Excellence at Finos Finos is recognized as a leading high-tech enterprise in China. Home Benefit from Our Services We [&hellip;]<\/p>\n","protected":false},"author":1,"featured_media":0,"parent":0,"menu_order":0,"comment_status":"closed","ping_status":"closed","template":"","meta":{"_acf_changed":false,"site-sidebar-layout":"no-sidebar","site-content-layout":"","ast-site-content-layout":"full-width-container","site-content-style":"default","site-sidebar-style":"default","ast-global-header-display":"","ast-banner-title-visibility":"","ast-main-header-display":"","ast-hfb-above-header-display":"","ast-hfb-below-header-display":"","ast-hfb-mobile-header-display":"","site-post-title":"disabled","ast-breadcrumbs-content":"","ast-featured-img":"disabled","footer-sml-layout":"","ast-disable-related-posts":"","theme-transparent-header-meta":"","adv-header-id-meta":"","stick-header-meta":"","header-above-stick-meta":"","header-main-stick-meta":"","header-below-stick-meta":"","astra-migrate-meta-layouts":"default","ast-page-background-enabled":"default","ast-page-background-meta":{"desktop":{"background-color":"var(--ast-global-color-4)","background-image":"","background-repeat":"repeat","background-position":"center center","background-size":"auto","background-attachment":"scroll","background-type":"","background-media":"","overlay-type":"","overlay-color":"","overlay-opacity":"","overlay-gradient":""},"tablet":{"background-color":"","background-image":"","background-repeat":"repeat","background-position":"center center","background-size":"auto","background-attachment":"scroll","background-type":"","background-media":"","overlay-type":"","overlay-color":"","overlay-opacity":"","overlay-gradient":""},"mobile":{"background-color":"","background-image":"","background-repeat":"repeat","background-position":"center center","background-size":"auto","background-attachment":"scroll","background-type":"","background-media":"","overlay-type":"","overlay-color":"","overlay-opacity":"","overlay-gradient":""}},"ast-content-background-meta":{"desktop":{"background-color":"var(--ast-global-color-5)","background-image":"","background-repeat":"repeat","background-position":"center center","background-size":"auto","background-attachment":"scroll","background-type":"","background-media":"","overlay-type":"","overlay-color":"","overlay-opacity":"","overlay-gradient":""},"tablet":{"background-color":"var(--ast-global-color-5)","background-image":"","background-repeat":"repeat","background-position":"center center","background-size":"auto","background-attachment":"scroll","background-type":"","background-media":"","overlay-type":"","overlay-color":"","overlay-opacity":"","overlay-gradient":""},"mobile":{"background-color":"var(--ast-global-color-5)","background-image":"","background-repeat":"repeat","background-position":"center center","background-size":"auto","background-attachment":"scroll","background-type":"","background-media":"","overlay-type":"","overlay-color":"","overlay-opacity":"","overlay-gradient":""}},"footnotes":""},"class_list":["post-541","page","type-page","status-publish","hentry"],"acf":[],"_links":{"self":[{"href":"https:\/\/finosil.com\/vi\/wp-json\/wp\/v2\/pages\/541","targetHints":{"allow":["GET"]}}],"collection":[{"href":"https:\/\/finosil.com\/vi\/wp-json\/wp\/v2\/pages"}],"about":[{"href":"https:\/\/finosil.com\/vi\/wp-json\/wp\/v2\/types\/page"}],"author":[{"embeddable":true,"href":"https:\/\/finosil.com\/vi\/wp-json\/wp\/v2\/users\/1"}],"replies":[{"embeddable":true,"href":"https:\/\/finosil.com\/vi\/wp-json\/wp\/v2\/comments?post=541"}],"version-history":[{"count":49,"href":"https:\/\/finosil.com\/vi\/wp-json\/wp\/v2\/pages\/541\/revisions"}],"predecessor-version":[{"id":1257,"href":"https:\/\/finosil.com\/vi\/wp-json\/wp\/v2\/pages\/541\/revisions\/1257"}],"wp:attachment":[{"href":"https:\/\/finosil.com\/vi\/wp-json\/wp\/v2\/media?parent=541"}],"curies":[{"name":"wp","href":"https:\/\/api.w.org\/{rel}","templated":true}]}}