{"id":537,"date":"2024-12-06T12:17:19","date_gmt":"2024-12-06T12:17:19","guid":{"rendered":"https:\/\/finosil.com\/?page_id=537"},"modified":"2025-01-10T01:28:44","modified_gmt":"2025-01-10T01:28:44","slug":"brand-story","status":"publish","type":"page","link":"https:\/\/finosil.com\/pt\/brand-story\/","title":{"rendered":"Hist\u00f3ria da marca"},"content":{"rendered":"<div data-elementor-type=\"wp-page\" data-elementor-id=\"537\" class=\"elementor elementor-537\" data-elementor-post-type=\"page\">\n\t\t\t\t<div class=\"elementor-element elementor-element-a4ccea3 e-flex e-con-boxed e-con e-parent\" data-id=\"a4ccea3\" data-element_type=\"container\" data-e-type=\"container\" data-settings=\"{&quot;background_background&quot;:&quot;classic&quot;}\">\n\t\t\t\t\t<div class=\"e-con-inner\">\n\t\t\t\t<div class=\"elementor-element elementor-element-83763d6 elementor-widget elementor-widget-heading\" data-id=\"83763d6\" data-element_type=\"widget\" data-e-type=\"widget\" data-widget_type=\"heading.default\">\n\t\t\t\t<div class=\"elementor-widget-container\">\n\t\t\t\t\t<h1 class=\"elementor-heading-title elementor-size-default\">Sobre Finos<\/h1>\t\t\t\t<\/div>\n\t\t\t\t<\/div>\n\t\t\t\t<div class=\"elementor-element elementor-element-76d7905 elementor-widget elementor-widget-button\" data-id=\"76d7905\" data-element_type=\"widget\" data-e-type=\"widget\" data-widget_type=\"button.default\">\n\t\t\t\t<div class=\"elementor-widget-container\">\n\t\t\t\t\t\t\t\t\t<div class=\"elementor-button-wrapper\">\n\t\t\t\t\t<a class=\"elementor-button elementor-button-link elementor-size-sm elementor-animation-grow\" href=\"https:\/\/finosil.com\/pt\/contact-us\/\">\n\t\t\t\t\t\t<span class=\"elementor-button-content-wrapper\">\n\t\t\t\t\t\t\t\t\t<span class=\"elementor-button-text\">Cooperar agora<\/span>\n\t\t\t\t\t<\/span>\n\t\t\t\t\t<\/a>\n\t\t\t\t<\/div>\n\t\t\t\t\t\t\t\t<\/div>\n\t\t\t\t<\/div>\n\t\t\t\t\t<\/div>\n\t\t\t\t<\/div>\n\t\t<div class=\"elementor-element elementor-element-438c584 e-flex e-con-boxed e-con e-parent\" data-id=\"438c584\" data-element_type=\"container\" data-e-type=\"container\" data-settings=\"{&quot;background_background&quot;:&quot;classic&quot;}\">\n\t\t\t\t\t<div class=\"e-con-inner\">\n\t\t\t\t<div class=\"elementor-element elementor-element-9f9b235 elementor-icon-list--layout-inline elementor-align-center elementor-widget__width-initial elementor-list-item-link-full_width elementor-widget elementor-widget-icon-list\" data-id=\"9f9b235\" data-element_type=\"widget\" data-e-type=\"widget\" data-widget_type=\"icon-list.default\">\n\t\t\t\t<div class=\"elementor-widget-container\">\n\t\t\t\t\t\t\t<ul class=\"elementor-icon-list-items elementor-inline-items\">\n\t\t\t\t\t\t\t<li class=\"elementor-icon-list-item elementor-inline-item\">\n\t\t\t\t\t\t\t\t\t\t\t<a href=\"https:\/\/finosil.com\/pt\">\n\n\t\t\t\t\t\t\t\t\t\t\t<span class=\"elementor-icon-list-text\">In\u00edcio<\/span>\n\t\t\t\t\t\t\t\t\t\t\t<\/a>\n\t\t\t\t\t\t\t\t\t<\/li>\n\t\t\t\t\t\t\t\t<li class=\"elementor-icon-list-item elementor-inline-item\">\n\t\t\t\t\t\t\t\t\t\t\t<span class=\"elementor-icon-list-icon\">\n\t\t\t\t\t\t\t<svg aria-hidden=\"true\" class=\"e-font-icon-svg e-fas-angle-double-right\" viewbox=\"0 0 448 512\" xmlns=\"http:\/\/www.w3.org\/2000\/svg\"><path d=\"M224.3 273l-136 136c-9.4 9.4-24.6 9.4-33.9 0l-22.6-22.6c-9.4-9.4-9.4-24.6 0-33.9l96.4-96.4-96.4-96.4c-9.4-9.4-9.4-24.6 0-33.9L54.3 103c9.4-9.4 24.6-9.4 33.9 0l136 136c9.5 9.4 9.5 24.6.1 34zm192-34l-136-136c-9.4-9.4-24.6-9.4-33.9 0l-22.6 22.6c-9.4 9.4-9.4 24.6 0 33.9l96.4 96.4-96.4 96.4c-9.4 9.4-9.4 24.6 0 33.9l22.6 22.6c9.4 9.4 24.6 9.4 33.9 0l136-136c9.4-9.2 9.4-24.4 0-33.8z\"><\/path><\/svg>\t\t\t\t\t\t<\/span>\n\t\t\t\t\t\t\t\t\t\t<span class=\"elementor-icon-list-text\">Hist\u00f3ria da marca<\/span>\n\t\t\t\t\t\t\t\t\t<\/li>\n\t\t\t\t\t\t<\/ul>\n\t\t\t\t\t\t<\/div>\n\t\t\t\t<\/div>\n\t\t\t\t\t<\/div>\n\t\t\t\t<\/div>\n\t\t<div class=\"elementor-element elementor-element-daa1aa3 e-flex e-con-boxed e-con e-parent\" data-id=\"daa1aa3\" data-element_type=\"container\" data-e-type=\"container\">\n\t\t\t\t\t<div class=\"e-con-inner\">\n\t\t<div class=\"elementor-element elementor-element-732c493 e-con-full e-flex e-con e-child\" data-id=\"732c493\" data-element_type=\"container\" data-e-type=\"container\" data-settings=\"{&quot;background_background&quot;:&quot;classic&quot;}\">\n\t\t\t\t<\/div>\n\t\t<div class=\"elementor-element elementor-element-948036a e-con-full e-flex e-con e-child\" data-id=\"948036a\" data-element_type=\"container\" data-e-type=\"container\" data-settings=\"{&quot;background_background&quot;:&quot;classic&quot;}\">\n\t\t\t\t<div class=\"elementor-element elementor-element-27bb37b elementor-widget-divider--view-line elementor-widget elementor-widget-divider\" data-id=\"27bb37b\" data-element_type=\"widget\" data-e-type=\"widget\" data-widget_type=\"divider.default\">\n\t\t\t\t<div class=\"elementor-widget-container\">\n\t\t\t\t\t\t\t<div class=\"elementor-divider\">\n\t\t\t<span class=\"elementor-divider-separator\">\n\t\t\t\t\t\t<\/span>\n\t\t<\/div>\n\t\t\t\t\t\t<\/div>\n\t\t\t\t<\/div>\n\t\t\t\t<div class=\"elementor-element elementor-element-00e9b44 elementor-widget elementor-widget-heading\" data-id=\"00e9b44\" data-element_type=\"widget\" data-e-type=\"widget\" data-widget_type=\"heading.default\">\n\t\t\t\t<div class=\"elementor-widget-container\">\n\t\t\t\t\t<h2 class=\"elementor-heading-title elementor-size-default\">Finos - O seu parceiro de confian\u00e7a em solu\u00e7\u00f5es de selagem<\/h2>\t\t\t\t<\/div>\n\t\t\t\t<\/div>\n\t\t\t\t<div class=\"elementor-element elementor-element-8553c42 elementor-widget elementor-widget-text-editor\" data-id=\"8553c42\" data-element_type=\"widget\" data-e-type=\"widget\" data-widget_type=\"text-editor.default\">\n\t\t\t\t<div class=\"elementor-widget-container\">\n\t\t\t\t\t\t\t\t\t<p>Fundada em 2010 no condado de Linqiu, Weifang, China, a Finos come\u00e7ou com uma vis\u00e3o simples: fornecer solu\u00e7\u00f5es de veda\u00e7\u00e3o de alta qualidade para as ind\u00fastrias de constru\u00e7\u00e3o, autom\u00f3vel, industrial e eletr\u00f3nica. A empresa foi criada pelo Sr. Ji, um engenheiro qu\u00edmico com anos de experi\u00eancia na ind\u00fastria qu\u00edmica. Tendo trabalhado em v\u00e1rios sectores qu\u00edmicos de constru\u00e7\u00e3o, o Sr. Ji reconheceu que a<\/p><p>A selagem dos produtos \u00e9 muito importante para garantir a qualidade e a seguran\u00e7a. Isto levou \u00e0 cria\u00e7\u00e3o da Finos, onde a inova\u00e7\u00e3o e a qualidade se tornaram a base de cada produto.<\/p>\t\t\t\t\t\t\t\t<\/div>\n\t\t\t\t<\/div>\n\t\t\t\t<\/div>\n\t\t\t\t\t<\/div>\n\t\t\t\t<\/div>\n\t\t<div class=\"elementor-element elementor-element-ac4edb5 e-flex e-con-boxed e-con e-parent\" data-id=\"ac4edb5\" data-element_type=\"container\" data-e-type=\"container\">\n\t\t\t\t\t<div class=\"e-con-inner\">\n\t\t<div class=\"elementor-element elementor-element-55a336a e-con-full e-flex e-con e-child\" data-id=\"55a336a\" data-element_type=\"container\" data-e-type=\"container\" data-settings=\"{&quot;background_background&quot;:&quot;classic&quot;}\">\n\t\t\t\t<div class=\"elementor-element elementor-element-2b35afa elementor-widget-divider--view-line elementor-widget elementor-widget-divider\" data-id=\"2b35afa\" data-element_type=\"widget\" data-e-type=\"widget\" data-widget_type=\"divider.default\">\n\t\t\t\t<div class=\"elementor-widget-container\">\n\t\t\t\t\t\t\t<div class=\"elementor-divider\">\n\t\t\t<span class=\"elementor-divider-separator\">\n\t\t\t\t\t\t<\/span>\n\t\t<\/div>\n\t\t\t\t\t\t<\/div>\n\t\t\t\t<\/div>\n\t\t\t\t<div class=\"elementor-element elementor-element-54b2085 elementor-widget elementor-widget-heading\" data-id=\"54b2085\" data-element_type=\"widget\" data-e-type=\"widget\" data-widget_type=\"heading.default\">\n\t\t\t\t<div class=\"elementor-widget-container\">\n\t\t\t\t\t<h2 class=\"elementor-heading-title elementor-size-default\">Da qualidade ao alcance global<\/h2>\t\t\t\t<\/div>\n\t\t\t\t<\/div>\n\t\t\t\t<div class=\"elementor-element elementor-element-4e49666 elementor-widget elementor-widget-text-editor\" data-id=\"4e49666\" data-element_type=\"widget\" data-e-type=\"widget\" data-widget_type=\"text-editor.default\">\n\t\t\t\t<div class=\"elementor-widget-container\">\n\t\t\t\t\t\t\t\t\tNa Finos, acreditamos na qualidade em primeiro lugar. Os nossos produtos de veda\u00e7\u00e3o s\u00e3o rigorosamente testados 58 vezes e fabricados com precis\u00e3o para cumprir os mais elevados padr\u00f5es. Ao longo dos anos, o nosso compromisso com a qualidade ajudou-nos a ganhar a confian\u00e7a de clientes em todo o mundo. Atualmente, fornecemos vedantes de silicone, vedantes acr\u00edlicos, vedantes de PU e espuma de PU para as ind\u00fastrias da constru\u00e7\u00e3o, autom\u00f3vel, industrial e el\u00e9ctrica.\t\t\t\t\t\t\t\t<\/div>\n\t\t\t\t<\/div>\n\t\t\t\t<div class=\"elementor-element elementor-element-e350874 elementor-widget elementor-widget-text-editor\" data-id=\"e350874\" data-element_type=\"widget\" data-e-type=\"widget\" data-widget_type=\"text-editor.default\">\n\t\t\t\t<div class=\"elementor-widget-container\">\n\t\t\t\t\t\t\t\t\tOs produtos s\u00e3o vendidos na \u00c1sia, Am\u00e9rica do Sul, Oce\u00e2nia, \u00c1frica, Europa e Am\u00e9rica do Norte, ajudando as empresas a resolver necessidades complexas de veda\u00e7\u00e3o numa vasta gama de ind\u00fastrias.\t\t\t\t\t\t\t\t<\/div>\n\t\t\t\t<\/div>\n\t\t\t\t<div class=\"elementor-element elementor-element-1e77f72 elementor-widget elementor-widget-text-editor\" data-id=\"1e77f72\" data-element_type=\"widget\" data-e-type=\"widget\" data-widget_type=\"text-editor.default\">\n\t\t\t\t<div class=\"elementor-widget-container\">\n\t\t\t\t\t\t\t\t\tPor exemplo, ajud\u00e1mos uma grande empresa de constru\u00e7\u00e3o americana a ultrapassar desafios de impermeabiliza\u00e7\u00e3o com as nossas solu\u00e7\u00f5es de veda\u00e7\u00e3o personalizadas, garantindo o sucesso dos seus projectos de alta qualidade. \u201cA Finos tem sido um parceiro fi\u00e1vel. Os seus produtos e servi\u00e7os sempre excederam as nossas expectativas,\u201d disse um cliente satisfeito.\t\t\t\t\t\t\t\t<\/div>\n\t\t\t\t<\/div>\n\t\t\t\t<\/div>\n\t\t<div class=\"elementor-element elementor-element-af5c3d7 e-con-full e-flex e-con e-child\" data-id=\"af5c3d7\" data-element_type=\"container\" data-e-type=\"container\" data-settings=\"{&quot;background_background&quot;:&quot;classic&quot;}\">\n\t\t\t\t<div class=\"elementor-element elementor-element-252765a elementor-widget elementor-widget-image\" data-id=\"252765a\" data-element_type=\"widget\" data-e-type=\"widget\" data-widget_type=\"image.default\">\n\t\t\t\t<div class=\"elementor-widget-container\">\n\t\t\t\t\t\t\t\t\t\t\t\t\t\t\t<img fetchpriority=\"high\" decoding=\"async\" width=\"800\" height=\"779\" src=\"https:\/\/finosil.com\/wp-content\/uploads\/2024\/12\/quality-control-58-steps.jpg\" class=\"attachment-large size-large wp-image-567\" alt=\"\" srcset=\"https:\/\/finosil.com\/wp-content\/uploads\/2024\/12\/quality-control-58-steps.jpg 800w, https:\/\/finosil.com\/wp-content\/uploads\/2024\/12\/quality-control-58-steps-300x292.jpg 300w, https:\/\/finosil.com\/wp-content\/uploads\/2024\/12\/quality-control-58-steps-768x748.jpg 768w, https:\/\/finosil.com\/wp-content\/uploads\/2024\/12\/quality-control-58-steps-600x584.jpg 600w\" sizes=\"(max-width: 800px) 100vw, 800px\" \/>\t\t\t\t\t\t\t\t\t\t\t\t\t\t\t<\/div>\n\t\t\t\t<\/div>\n\t\t\t\t<\/div>\n\t\t\t\t\t<\/div>\n\t\t\t\t<\/div>\n\t\t<div class=\"elementor-element elementor-element-aff2e3a e-flex e-con-boxed e-con e-parent\" data-id=\"aff2e3a\" data-element_type=\"container\" data-e-type=\"container\">\n\t\t\t\t\t<div class=\"e-con-inner\">\n\t\t<div class=\"elementor-element elementor-element-912821d e-con-full e-flex e-con e-child\" data-id=\"912821d\" data-element_type=\"container\" data-e-type=\"container\" data-settings=\"{&quot;background_background&quot;:&quot;classic&quot;}\">\n\t\t\t\t<\/div>\n\t\t<div class=\"elementor-element elementor-element-42018af e-con-full e-flex e-con e-child\" data-id=\"42018af\" data-element_type=\"container\" data-e-type=\"container\" data-settings=\"{&quot;background_background&quot;:&quot;classic&quot;}\">\n\t\t\t\t<div class=\"elementor-element elementor-element-3bb533d elementor-widget-divider--view-line elementor-widget elementor-widget-divider\" data-id=\"3bb533d\" data-element_type=\"widget\" data-e-type=\"widget\" data-widget_type=\"divider.default\">\n\t\t\t\t<div class=\"elementor-widget-container\">\n\t\t\t\t\t\t\t<div class=\"elementor-divider\">\n\t\t\t<span class=\"elementor-divider-separator\">\n\t\t\t\t\t\t<\/span>\n\t\t<\/div>\n\t\t\t\t\t\t<\/div>\n\t\t\t\t<\/div>\n\t\t\t\t<div class=\"elementor-element elementor-element-63a87a3 elementor-widget elementor-widget-heading\" data-id=\"63a87a3\" data-element_type=\"widget\" data-e-type=\"widget\" data-widget_type=\"heading.default\">\n\t\t\t\t<div class=\"elementor-widget-container\">\n\t\t\t\t\t<h2 class=\"elementor-heading-title elementor-size-default\">Abordagem centrada no cliente<\/h2>\t\t\t\t<\/div>\n\t\t\t\t<\/div>\n\t\t\t\t<div class=\"elementor-element elementor-element-317198d elementor-widget elementor-widget-text-editor\" data-id=\"317198d\" data-element_type=\"widget\" data-e-type=\"widget\" data-widget_type=\"text-editor.default\">\n\t\t\t\t<div class=\"elementor-widget-container\">\n\t\t\t\t\t\t\t\t\tNa Finos, n\u00e3o nos limitamos a fornecer produtos; constru\u00edmos parcerias fi\u00e1veis. Concentramo-nos em compreender as necessidades \u00fanicas de cada cliente e fornecemos solu\u00e7\u00f5es de selagem \u00e0 medida. Com uma capacidade de produ\u00e7\u00e3o anual de 50.000 toneladas e mais de $3 milh\u00f5es investidos anualmente em equipamento avan\u00e7ado, quer se trate de encomendas urgentes, formula\u00e7\u00f5es personalizadas ou apoio t\u00e9cnico cont\u00ednuo, podemos trabalhar em estreita colabora\u00e7\u00e3o com os nossos clientes para garantir os melhores resultados.\t\t\t\t\t\t\t\t<\/div>\n\t\t\t\t<\/div>\n\t\t\t\t<div class=\"elementor-element elementor-element-6302ebf elementor-widget elementor-widget-text-editor\" data-id=\"6302ebf\" data-element_type=\"widget\" data-e-type=\"widget\" data-widget_type=\"text-editor.default\">\n\t\t\t\t<div class=\"elementor-widget-container\">\n\t\t\t\t\t\t\t\t\tUm gestor de compras de um fabricante autom\u00f3vel l\u00edder partilhou, \u201cA Finos n\u00e3o \u00e9 apenas um fornecedor; \u00e9 uma parte integrante do nosso processo de desenvolvimento. A sua equipa fornece consistentemente solu\u00e7\u00f5es atempadas e fi\u00e1veis que cumprem os nossos exigentes padr\u00f5es.\u201d\t\t\t\t\t\t\t\t<\/div>\n\t\t\t\t<\/div>\n\t\t\t\t<\/div>\n\t\t\t\t\t<\/div>\n\t\t\t\t<\/div>\n\t\t<div class=\"elementor-element elementor-element-f970043 e-flex e-con-boxed e-con e-parent\" data-id=\"f970043\" data-element_type=\"container\" data-e-type=\"container\">\n\t\t\t\t\t<div class=\"e-con-inner\">\n\t\t<div class=\"elementor-element elementor-element-0464ead e-con-full e-flex e-con e-child\" data-id=\"0464ead\" data-element_type=\"container\" data-e-type=\"container\" data-settings=\"{&quot;background_background&quot;:&quot;classic&quot;}\">\n\t\t\t\t<div class=\"elementor-element elementor-element-8665aaf elementor-widget-divider--view-line elementor-widget elementor-widget-divider\" data-id=\"8665aaf\" data-element_type=\"widget\" data-e-type=\"widget\" data-widget_type=\"divider.default\">\n\t\t\t\t<div class=\"elementor-widget-container\">\n\t\t\t\t\t\t\t<div class=\"elementor-divider\">\n\t\t\t<span class=\"elementor-divider-separator\">\n\t\t\t\t\t\t<\/span>\n\t\t<\/div>\n\t\t\t\t\t\t<\/div>\n\t\t\t\t<\/div>\n\t\t\t\t<div class=\"elementor-element elementor-element-59f6fbb elementor-widget elementor-widget-heading\" data-id=\"59f6fbb\" data-element_type=\"widget\" data-e-type=\"widget\" data-widget_type=\"heading.default\">\n\t\t\t\t<div class=\"elementor-widget-container\">\n\t\t\t\t\t<h2 class=\"elementor-heading-title elementor-size-default\">Fabrico sustent\u00e1vel, solu\u00e7\u00f5es fi\u00e1veis<\/h2>\t\t\t\t<\/div>\n\t\t\t\t<\/div>\n\t\t\t\t<div class=\"elementor-element elementor-element-e17d067 elementor-widget elementor-widget-text-editor\" data-id=\"e17d067\" data-element_type=\"widget\" data-e-type=\"widget\" data-widget_type=\"text-editor.default\">\n\t\t\t\t<div class=\"elementor-widget-container\">\n\t\t\t\t\t\t\t\t\tGuiada pela vis\u00e3o do Sr. Ji, a Finos est\u00e1 comprometida com a produ\u00e7\u00e3o sustent\u00e1vel. Utilizamos materiais e processos amigos do ambiente para reduzir o nosso impacto ambiental, alinhando-nos com os objectivos globais de sustentabilidade. O nosso compromisso com o fabrico ecol\u00f3gico garante que fornecemos n\u00e3o s\u00f3 solu\u00e7\u00f5es de veda\u00e7\u00e3o de alta qualidade, mas tamb\u00e9m amigas do ambiente.\t\t\t\t\t\t\t\t<\/div>\n\t\t\t\t<\/div>\n\t\t\t\t<\/div>\n\t\t<div class=\"elementor-element elementor-element-fa2fd72 e-con-full e-flex e-con e-child\" data-id=\"fa2fd72\" data-element_type=\"container\" data-e-type=\"container\" data-settings=\"{&quot;background_background&quot;:&quot;classic&quot;}\">\n\t\t\t\t<div class=\"elementor-element elementor-element-c6932d9 elementor-widget elementor-widget-image\" data-id=\"c6932d9\" data-element_type=\"widget\" data-e-type=\"widget\" data-widget_type=\"image.default\">\n\t\t\t\t<div class=\"elementor-widget-container\">\n\t\t\t\t\t\t\t\t\t\t\t\t\t\t\t<img decoding=\"async\" width=\"800\" height=\"600\" src=\"https:\/\/finosil.com\/wp-content\/uploads\/2024\/11\/Custom-Solutions.jpg\" class=\"attachment-large size-large wp-image-310\" alt=\"Custom Solutions\" srcset=\"https:\/\/finosil.com\/wp-content\/uploads\/2024\/11\/Custom-Solutions.jpg 800w, https:\/\/finosil.com\/wp-content\/uploads\/2024\/11\/Custom-Solutions-300x225.jpg 300w, https:\/\/finosil.com\/wp-content\/uploads\/2024\/11\/Custom-Solutions-768x576.jpg 768w, https:\/\/finosil.com\/wp-content\/uploads\/2024\/11\/Custom-Solutions-600x450.jpg 600w\" sizes=\"(max-width: 800px) 100vw, 800px\" \/>\t\t\t\t\t\t\t\t\t\t\t\t\t\t\t<\/div>\n\t\t\t\t<\/div>\n\t\t\t\t<\/div>\n\t\t\t\t\t<\/div>\n\t\t\t\t<\/div>\n\t\t<div class=\"elementor-element elementor-element-b2ed605 e-flex e-con-boxed e-con e-parent\" data-id=\"b2ed605\" data-element_type=\"container\" data-e-type=\"container\">\n\t\t\t\t\t<div class=\"e-con-inner\">\n\t\t<div class=\"elementor-element elementor-element-cb57662 e-flex e-con-boxed e-con e-child\" data-id=\"cb57662\" data-element_type=\"container\" data-e-type=\"container\" data-settings=\"{&quot;background_background&quot;:&quot;classic&quot;}\">\n\t\t\t\t\t<div class=\"e-con-inner\">\n\t\t\t\t<div class=\"elementor-element elementor-element-fd24550 elementor-widget-divider--view-line elementor-widget elementor-widget-divider\" data-id=\"fd24550\" data-element_type=\"widget\" data-e-type=\"widget\" data-widget_type=\"divider.default\">\n\t\t\t\t<div class=\"elementor-widget-container\">\n\t\t\t\t\t\t\t<div class=\"elementor-divider\">\n\t\t\t<span class=\"elementor-divider-separator\">\n\t\t\t\t\t\t<\/span>\n\t\t<\/div>\n\t\t\t\t\t\t<\/div>\n\t\t\t\t<\/div>\n\t\t\t\t<div class=\"elementor-element elementor-element-7fe1609 elementor-widget elementor-widget-heading\" data-id=\"7fe1609\" data-element_type=\"widget\" data-e-type=\"widget\" data-widget_type=\"heading.default\">\n\t\t\t\t<div class=\"elementor-widget-container\">\n\t\t\t\t\t<h2 class=\"elementor-heading-title elementor-size-default\">Olhando para o futuro<\/h2>\t\t\t\t<\/div>\n\t\t\t\t<\/div>\n\t\t\t\t<div class=\"elementor-element elementor-element-8581460 elementor-widget elementor-widget-text-editor\" data-id=\"8581460\" data-element_type=\"widget\" data-e-type=\"widget\" data-widget_type=\"text-editor.default\">\n\t\t\t\t<div class=\"elementor-widget-container\">\n\t\t\t\t\t\t\t\t\t<p>A Finos orgulha-se de ser um parceiro de confian\u00e7a para clientes em todo o mundo. Continuamos dedicados a oferecer solu\u00e7\u00f5es de veda\u00e7\u00e3o que atendam \u00e0s necessidades em evolu\u00e7\u00e3o das ind\u00fastrias em todo o mundo. Juntos, podemos selar todos os desafios e construir um futuro melhor.<\/p><p>Onde quer que esteja, a Finos est\u00e1 aqui para fornecer os produtos de veda\u00e7\u00e3o da mais alta qualidade e mais fi\u00e1veis. Com um compromisso com a inova\u00e7\u00e3o, sustentabilidade e satisfa\u00e7\u00e3o do cliente, seremos o seu parceiro de solu\u00e7\u00f5es de veda\u00e7\u00e3o de confian\u00e7a de longa data.<\/p>\t\t\t\t\t\t\t\t<\/div>\n\t\t\t\t<\/div>\n\t\t\t\t\t<\/div>\n\t\t\t\t<\/div>\n\t\t\t\t\t<\/div>\n\t\t\t\t<\/div>\n\t\t\t\t<\/div>","protected":false},"excerpt":{"rendered":"<p>About Finos Cooperate Now Home Finos \u2013 Your Trusted Sealing Solutions Partner Founded in 2010 in Linqiu County, Weifang, China, [&hellip;]<\/p>\n","protected":false},"author":1,"featured_media":0,"parent":0,"menu_order":0,"comment_status":"closed","ping_status":"closed","template":"elementor_header_footer","meta":{"_acf_changed":false,"site-sidebar-layout":"no-sidebar","site-content-layout":"","ast-site-content-layout":"full-width-container","site-content-style":"default","site-sidebar-style":"default","ast-global-header-display":"","ast-banner-title-visibility":"","ast-main-header-display":"","ast-hfb-above-header-display":"","ast-hfb-below-header-display":"","ast-hfb-mobile-header-display":"","site-post-title":"disabled","ast-breadcrumbs-content":"","ast-featured-img":"disabled","footer-sml-layout":"","ast-disable-related-posts":"","theme-transparent-header-meta":"","adv-header-id-meta":"","stick-header-meta":"","header-above-stick-meta":"","header-main-stick-meta":"","header-below-stick-meta":"","astra-migrate-meta-layouts":"default","ast-page-background-enabled":"default","ast-page-background-meta":{"desktop":{"background-color":"var(--ast-global-color-4)","background-image":"","background-repeat":"repeat","background-position":"center center","background-size":"auto","background-attachment":"scroll","background-type":"","background-media":"","overlay-type":"","overlay-color":"","overlay-opacity":"","overlay-gradient":""},"tablet":{"background-color":"","background-image":"","background-repeat":"repeat","background-position":"center center","background-size":"auto","background-attachment":"scroll","background-type":"","background-media":"","overlay-type":"","overlay-color":"","overlay-opacity":"","overlay-gradient":""},"mobile":{"background-color":"","background-image":"","background-repeat":"repeat","background-position":"center center","background-size":"auto","background-attachment":"scroll","background-type":"","background-media":"","overlay-type":"","overlay-color":"","overlay-opacity":"","overlay-gradient":""}},"ast-content-background-meta":{"desktop":{"background-color":"var(--ast-global-color-5)","background-image":"","background-repeat":"repeat","background-position":"center center","background-size":"auto","background-attachment":"scroll","background-type":"","background-media":"","overlay-type":"","overlay-color":"","overlay-opacity":"","overlay-gradient":""},"tablet":{"background-color":"var(--ast-global-color-5)","background-image":"","background-repeat":"repeat","background-position":"center center","background-size":"auto","background-attachment":"scroll","background-type":"","background-media":"","overlay-type":"","overlay-color":"","overlay-opacity":"","overlay-gradient":""},"mobile":{"background-color":"var(--ast-global-color-5)","background-image":"","background-repeat":"repeat","background-position":"center center","background-size":"auto","background-attachment":"scroll","background-type":"","background-media":"","overlay-type":"","overlay-color":"","overlay-opacity":"","overlay-gradient":""}},"footnotes":""},"class_list":["post-537","page","type-page","status-publish","hentry"],"acf":[],"_links":{"self":[{"href":"https:\/\/finosil.com\/pt\/wp-json\/wp\/v2\/pages\/537","targetHints":{"allow":["GET"]}}],"collection":[{"href":"https:\/\/finosil.com\/pt\/wp-json\/wp\/v2\/pages"}],"about":[{"href":"https:\/\/finosil.com\/pt\/wp-json\/wp\/v2\/types\/page"}],"author":[{"embeddable":true,"href":"https:\/\/finosil.com\/pt\/wp-json\/wp\/v2\/users\/1"}],"replies":[{"embeddable":true,"href":"https:\/\/finosil.com\/pt\/wp-json\/wp\/v2\/comments?post=537"}],"version-history":[{"count":68,"href":"https:\/\/finosil.com\/pt\/wp-json\/wp\/v2\/pages\/537\/revisions"}],"predecessor-version":[{"id":1502,"href":"https:\/\/finosil.com\/pt\/wp-json\/wp\/v2\/pages\/537\/revisions\/1502"}],"wp:attachment":[{"href":"https:\/\/finosil.com\/pt\/wp-json\/wp\/v2\/media?parent=537"}],"curies":[{"name":"wp","href":"https:\/\/api.w.org\/{rel}","templated":true}]}}