{"id":537,"date":"2024-12-06T12:17:19","date_gmt":"2024-12-06T12:17:19","guid":{"rendered":"https:\/\/finosil.com\/?page_id=537"},"modified":"2025-01-10T01:28:44","modified_gmt":"2025-01-10T01:28:44","slug":"brand-story","status":"publish","type":"page","link":"https:\/\/finosil.com\/fr\/brand-story\/","title":{"rendered":"Histoire de la marque"},"content":{"rendered":"<div data-elementor-type=\"wp-page\" data-elementor-id=\"537\" class=\"elementor elementor-537\" data-elementor-post-type=\"page\">\n\t\t\t\t<div class=\"elementor-element elementor-element-a4ccea3 e-flex e-con-boxed e-con e-parent\" data-id=\"a4ccea3\" data-element_type=\"container\" data-e-type=\"container\" data-settings=\"{&quot;background_background&quot;:&quot;classic&quot;}\">\n\t\t\t\t\t<div class=\"e-con-inner\">\n\t\t\t\t<div class=\"elementor-element elementor-element-83763d6 elementor-widget elementor-widget-heading\" data-id=\"83763d6\" data-element_type=\"widget\" data-e-type=\"widget\" data-widget_type=\"heading.default\">\n\t\t\t\t<div class=\"elementor-widget-container\">\n\t\t\t\t\t<h1 class=\"elementor-heading-title elementor-size-default\">\u00c0 propos de Finos<\/h1>\t\t\t\t<\/div>\n\t\t\t\t<\/div>\n\t\t\t\t<div class=\"elementor-element elementor-element-76d7905 elementor-widget elementor-widget-button\" data-id=\"76d7905\" data-element_type=\"widget\" data-e-type=\"widget\" data-widget_type=\"button.default\">\n\t\t\t\t<div class=\"elementor-widget-container\">\n\t\t\t\t\t\t\t\t\t<div class=\"elementor-button-wrapper\">\n\t\t\t\t\t<a class=\"elementor-button elementor-button-link elementor-size-sm elementor-animation-grow\" href=\"https:\/\/finosil.com\/fr\/contact-us\/\">\n\t\t\t\t\t\t<span class=\"elementor-button-content-wrapper\">\n\t\t\t\t\t\t\t\t\t<span class=\"elementor-button-text\">Coop\u00e9rer maintenant<\/span>\n\t\t\t\t\t<\/span>\n\t\t\t\t\t<\/a>\n\t\t\t\t<\/div>\n\t\t\t\t\t\t\t\t<\/div>\n\t\t\t\t<\/div>\n\t\t\t\t\t<\/div>\n\t\t\t\t<\/div>\n\t\t<div class=\"elementor-element elementor-element-438c584 e-flex e-con-boxed e-con e-parent\" data-id=\"438c584\" data-element_type=\"container\" data-e-type=\"container\" data-settings=\"{&quot;background_background&quot;:&quot;classic&quot;}\">\n\t\t\t\t\t<div class=\"e-con-inner\">\n\t\t\t\t<div class=\"elementor-element elementor-element-9f9b235 elementor-icon-list--layout-inline elementor-align-center elementor-widget__width-initial elementor-list-item-link-full_width elementor-widget elementor-widget-icon-list\" data-id=\"9f9b235\" data-element_type=\"widget\" data-e-type=\"widget\" data-widget_type=\"icon-list.default\">\n\t\t\t\t<div class=\"elementor-widget-container\">\n\t\t\t\t\t\t\t<ul class=\"elementor-icon-list-items elementor-inline-items\">\n\t\t\t\t\t\t\t<li class=\"elementor-icon-list-item elementor-inline-item\">\n\t\t\t\t\t\t\t\t\t\t\t<a href=\"https:\/\/finosil.com\/fr\">\n\n\t\t\t\t\t\t\t\t\t\t\t<span class=\"elementor-icon-list-text\">Accueil<\/span>\n\t\t\t\t\t\t\t\t\t\t\t<\/a>\n\t\t\t\t\t\t\t\t\t<\/li>\n\t\t\t\t\t\t\t\t<li class=\"elementor-icon-list-item elementor-inline-item\">\n\t\t\t\t\t\t\t\t\t\t\t<span class=\"elementor-icon-list-icon\">\n\t\t\t\t\t\t\t<svg aria-hidden=\"true\" class=\"e-font-icon-svg e-fas-angle-double-right\" viewbox=\"0 0 448 512\" xmlns=\"http:\/\/www.w3.org\/2000\/svg\"><path d=\"M224.3 273l-136 136c-9.4 9.4-24.6 9.4-33.9 0l-22.6-22.6c-9.4-9.4-9.4-24.6 0-33.9l96.4-96.4-96.4-96.4c-9.4-9.4-9.4-24.6 0-33.9L54.3 103c9.4-9.4 24.6-9.4 33.9 0l136 136c9.5 9.4 9.5 24.6.1 34zm192-34l-136-136c-9.4-9.4-24.6-9.4-33.9 0l-22.6 22.6c-9.4 9.4-9.4 24.6 0 33.9l96.4 96.4-96.4 96.4c-9.4 9.4-9.4 24.6 0 33.9l22.6 22.6c9.4 9.4 24.6 9.4 33.9 0l136-136c9.4-9.2 9.4-24.4 0-33.8z\"><\/path><\/svg>\t\t\t\t\t\t<\/span>\n\t\t\t\t\t\t\t\t\t\t<span class=\"elementor-icon-list-text\">Histoire de la marque<\/span>\n\t\t\t\t\t\t\t\t\t<\/li>\n\t\t\t\t\t\t<\/ul>\n\t\t\t\t\t\t<\/div>\n\t\t\t\t<\/div>\n\t\t\t\t\t<\/div>\n\t\t\t\t<\/div>\n\t\t<div class=\"elementor-element elementor-element-daa1aa3 e-flex e-con-boxed e-con e-parent\" data-id=\"daa1aa3\" data-element_type=\"container\" data-e-type=\"container\">\n\t\t\t\t\t<div class=\"e-con-inner\">\n\t\t<div class=\"elementor-element elementor-element-732c493 e-con-full e-flex e-con e-child\" data-id=\"732c493\" data-element_type=\"container\" data-e-type=\"container\" data-settings=\"{&quot;background_background&quot;:&quot;classic&quot;}\">\n\t\t\t\t<\/div>\n\t\t<div class=\"elementor-element elementor-element-948036a e-con-full e-flex e-con e-child\" data-id=\"948036a\" data-element_type=\"container\" data-e-type=\"container\" data-settings=\"{&quot;background_background&quot;:&quot;classic&quot;}\">\n\t\t\t\t<div class=\"elementor-element elementor-element-27bb37b elementor-widget-divider--view-line elementor-widget elementor-widget-divider\" data-id=\"27bb37b\" data-element_type=\"widget\" data-e-type=\"widget\" data-widget_type=\"divider.default\">\n\t\t\t\t<div class=\"elementor-widget-container\">\n\t\t\t\t\t\t\t<div class=\"elementor-divider\">\n\t\t\t<span class=\"elementor-divider-separator\">\n\t\t\t\t\t\t<\/span>\n\t\t<\/div>\n\t\t\t\t\t\t<\/div>\n\t\t\t\t<\/div>\n\t\t\t\t<div class=\"elementor-element elementor-element-00e9b44 elementor-widget elementor-widget-heading\" data-id=\"00e9b44\" data-element_type=\"widget\" data-e-type=\"widget\" data-widget_type=\"heading.default\">\n\t\t\t\t<div class=\"elementor-widget-container\">\n\t\t\t\t\t<h2 class=\"elementor-heading-title elementor-size-default\">Finos - Votre partenaire de confiance pour les solutions d'\u00e9tanch\u00e9it\u00e9<\/h2>\t\t\t\t<\/div>\n\t\t\t\t<\/div>\n\t\t\t\t<div class=\"elementor-element elementor-element-8553c42 elementor-widget elementor-widget-text-editor\" data-id=\"8553c42\" data-element_type=\"widget\" data-e-type=\"widget\" data-widget_type=\"text-editor.default\">\n\t\t\t\t<div class=\"elementor-widget-container\">\n\t\t\t\t\t\t\t\t\t<p>Fond\u00e9e en 2010 dans le comt\u00e9 de Linqiu, \u00e0 Weifang, en Chine, Finos est n\u00e9e d'une vision simple : fournir des solutions d'\u00e9tanch\u00e9it\u00e9 de haute qualit\u00e9 aux secteurs de la construction, de l'automobile, de l'industrie et de l'\u00e9lectronique. L'entreprise a \u00e9t\u00e9 cr\u00e9\u00e9e par M. Ji, un ing\u00e9nieur chimiste ayant des ann\u00e9es d'exp\u00e9rience dans l'industrie chimique. Apr\u00e8s avoir travaill\u00e9 dans divers secteurs de la chimie de construction, M. Ji a reconnu que le secteur de la construction \u00e9tait un secteur en pleine expansion.<\/p><p>Le scellement des produits est tr\u00e8s important pour garantir la qualit\u00e9 et la s\u00e9curit\u00e9. C'est ce qui a conduit \u00e0 la cr\u00e9ation de Finos, o\u00f9 l'innovation et la qualit\u00e9 sont devenues les fondements de chaque produit.<\/p>\t\t\t\t\t\t\t\t<\/div>\n\t\t\t\t<\/div>\n\t\t\t\t<\/div>\n\t\t\t\t\t<\/div>\n\t\t\t\t<\/div>\n\t\t<div class=\"elementor-element elementor-element-ac4edb5 e-flex e-con-boxed e-con e-parent\" data-id=\"ac4edb5\" data-element_type=\"container\" data-e-type=\"container\">\n\t\t\t\t\t<div class=\"e-con-inner\">\n\t\t<div class=\"elementor-element elementor-element-55a336a e-con-full e-flex e-con e-child\" data-id=\"55a336a\" data-element_type=\"container\" data-e-type=\"container\" data-settings=\"{&quot;background_background&quot;:&quot;classic&quot;}\">\n\t\t\t\t<div class=\"elementor-element elementor-element-2b35afa elementor-widget-divider--view-line elementor-widget elementor-widget-divider\" data-id=\"2b35afa\" data-element_type=\"widget\" data-e-type=\"widget\" data-widget_type=\"divider.default\">\n\t\t\t\t<div class=\"elementor-widget-container\">\n\t\t\t\t\t\t\t<div class=\"elementor-divider\">\n\t\t\t<span class=\"elementor-divider-separator\">\n\t\t\t\t\t\t<\/span>\n\t\t<\/div>\n\t\t\t\t\t\t<\/div>\n\t\t\t\t<\/div>\n\t\t\t\t<div class=\"elementor-element elementor-element-54b2085 elementor-widget elementor-widget-heading\" data-id=\"54b2085\" data-element_type=\"widget\" data-e-type=\"widget\" data-widget_type=\"heading.default\">\n\t\t\t\t<div class=\"elementor-widget-container\">\n\t\t\t\t\t<h2 class=\"elementor-heading-title elementor-size-default\">De la qualit\u00e9 \u00e0 la port\u00e9e mondiale<\/h2>\t\t\t\t<\/div>\n\t\t\t\t<\/div>\n\t\t\t\t<div class=\"elementor-element elementor-element-4e49666 elementor-widget elementor-widget-text-editor\" data-id=\"4e49666\" data-element_type=\"widget\" data-e-type=\"widget\" data-widget_type=\"text-editor.default\">\n\t\t\t\t<div class=\"elementor-widget-container\">\n\t\t\t\t\t\t\t\t\tChez Finos, la qualit\u00e9 est notre priorit\u00e9. Nos produits d'\u00e9tanch\u00e9it\u00e9 sont rigoureusement test\u00e9s 58 fois et fabriqu\u00e9s avec pr\u00e9cision pour r\u00e9pondre aux normes les plus \u00e9lev\u00e9es. Au fil des ans, notre engagement en faveur de la qualit\u00e9 nous a permis de gagner la confiance de clients du monde entier. Aujourd'hui, nous fournissons des produits d'\u00e9tanch\u00e9it\u00e9 en silicone, en acrylique, en PU et en mousse de PU pour les secteurs de la construction, de l'automobile, de l'industrie et de l'\u00e9lectricit\u00e9.\t\t\t\t\t\t\t\t<\/div>\n\t\t\t\t<\/div>\n\t\t\t\t<div class=\"elementor-element elementor-element-e350874 elementor-widget elementor-widget-text-editor\" data-id=\"e350874\" data-element_type=\"widget\" data-e-type=\"widget\" data-widget_type=\"text-editor.default\">\n\t\t\t\t<div class=\"elementor-widget-container\">\n\t\t\t\t\t\t\t\t\tLes produits sont vendus en Asie, en Am\u00e9rique du Sud, en Oc\u00e9anie, en Afrique, en Europe et en Am\u00e9rique du Nord. Ils aident les entreprises \u00e0 r\u00e9pondre \u00e0 des besoins complexes en mati\u00e8re d'\u00e9tanch\u00e9it\u00e9 dans un large \u00e9ventail d'industries.\t\t\t\t\t\t\t\t<\/div>\n\t\t\t\t<\/div>\n\t\t\t\t<div class=\"elementor-element elementor-element-1e77f72 elementor-widget elementor-widget-text-editor\" data-id=\"1e77f72\" data-element_type=\"widget\" data-e-type=\"widget\" data-widget_type=\"text-editor.default\">\n\t\t\t\t<div class=\"elementor-widget-container\">\n\t\t\t\t\t\t\t\t\tPar exemple, nous avons aid\u00e9 une grande entreprise de construction am\u00e9ricaine \u00e0 surmonter les probl\u00e8mes d'\u00e9tanch\u00e9it\u00e9 gr\u00e2ce \u00e0 nos solutions d'\u00e9tanch\u00e9it\u00e9 personnalis\u00e9es, garantissant ainsi le succ\u00e8s de leurs projets haut de gamme. \u201cFinos est un partenaire fiable. Leurs produits et leurs services ont toujours d\u00e9pass\u00e9 nos attentes\u201d, a d\u00e9clar\u00e9 un client satisfait.\t\t\t\t\t\t\t\t<\/div>\n\t\t\t\t<\/div>\n\t\t\t\t<\/div>\n\t\t<div class=\"elementor-element elementor-element-af5c3d7 e-con-full e-flex e-con e-child\" data-id=\"af5c3d7\" data-element_type=\"container\" data-e-type=\"container\" data-settings=\"{&quot;background_background&quot;:&quot;classic&quot;}\">\n\t\t\t\t<div class=\"elementor-element elementor-element-252765a elementor-widget elementor-widget-image\" data-id=\"252765a\" data-element_type=\"widget\" data-e-type=\"widget\" data-widget_type=\"image.default\">\n\t\t\t\t<div class=\"elementor-widget-container\">\n\t\t\t\t\t\t\t\t\t\t\t\t\t\t\t<img fetchpriority=\"high\" decoding=\"async\" width=\"800\" height=\"779\" src=\"https:\/\/finosil.com\/wp-content\/uploads\/2024\/12\/quality-control-58-steps.jpg\" class=\"attachment-large size-large wp-image-567\" alt=\"\" srcset=\"https:\/\/finosil.com\/wp-content\/uploads\/2024\/12\/quality-control-58-steps.jpg 800w, https:\/\/finosil.com\/wp-content\/uploads\/2024\/12\/quality-control-58-steps-300x292.jpg 300w, https:\/\/finosil.com\/wp-content\/uploads\/2024\/12\/quality-control-58-steps-768x748.jpg 768w, https:\/\/finosil.com\/wp-content\/uploads\/2024\/12\/quality-control-58-steps-600x584.jpg 600w\" sizes=\"(max-width: 800px) 100vw, 800px\" \/>\t\t\t\t\t\t\t\t\t\t\t\t\t\t\t<\/div>\n\t\t\t\t<\/div>\n\t\t\t\t<\/div>\n\t\t\t\t\t<\/div>\n\t\t\t\t<\/div>\n\t\t<div class=\"elementor-element elementor-element-aff2e3a e-flex e-con-boxed e-con e-parent\" data-id=\"aff2e3a\" data-element_type=\"container\" data-e-type=\"container\">\n\t\t\t\t\t<div class=\"e-con-inner\">\n\t\t<div class=\"elementor-element elementor-element-912821d e-con-full e-flex e-con e-child\" data-id=\"912821d\" data-element_type=\"container\" data-e-type=\"container\" data-settings=\"{&quot;background_background&quot;:&quot;classic&quot;}\">\n\t\t\t\t<\/div>\n\t\t<div class=\"elementor-element elementor-element-42018af e-con-full e-flex e-con e-child\" data-id=\"42018af\" data-element_type=\"container\" data-e-type=\"container\" data-settings=\"{&quot;background_background&quot;:&quot;classic&quot;}\">\n\t\t\t\t<div class=\"elementor-element elementor-element-3bb533d elementor-widget-divider--view-line elementor-widget elementor-widget-divider\" data-id=\"3bb533d\" data-element_type=\"widget\" data-e-type=\"widget\" data-widget_type=\"divider.default\">\n\t\t\t\t<div class=\"elementor-widget-container\">\n\t\t\t\t\t\t\t<div class=\"elementor-divider\">\n\t\t\t<span class=\"elementor-divider-separator\">\n\t\t\t\t\t\t<\/span>\n\t\t<\/div>\n\t\t\t\t\t\t<\/div>\n\t\t\t\t<\/div>\n\t\t\t\t<div class=\"elementor-element elementor-element-63a87a3 elementor-widget elementor-widget-heading\" data-id=\"63a87a3\" data-element_type=\"widget\" data-e-type=\"widget\" data-widget_type=\"heading.default\">\n\t\t\t\t<div class=\"elementor-widget-container\">\n\t\t\t\t\t<h2 class=\"elementor-heading-title elementor-size-default\">Approche centr\u00e9e sur le client<\/h2>\t\t\t\t<\/div>\n\t\t\t\t<\/div>\n\t\t\t\t<div class=\"elementor-element elementor-element-317198d elementor-widget elementor-widget-text-editor\" data-id=\"317198d\" data-element_type=\"widget\" data-e-type=\"widget\" data-widget_type=\"text-editor.default\">\n\t\t\t\t<div class=\"elementor-widget-container\">\n\t\t\t\t\t\t\t\t\tChez Finos, nous ne nous contentons pas de fournir des produits, nous construisons des partenariats fiables. Nous nous attachons \u00e0 comprendre les besoins uniques de chaque client et \u00e0 fournir des solutions d'\u00e9tanch\u00e9it\u00e9 sur mesure. Avec une capacit\u00e9 de production annuelle de 50 000 tonnes et plus de $3 millions d'euros investis chaque ann\u00e9e dans des \u00e9quipements de pointe, nous pouvons travailler en \u00e9troite collaboration avec nos clients pour garantir les meilleurs r\u00e9sultats, qu'il s'agisse de commandes urgentes, de formulations personnalis\u00e9es ou d'une assistance technique permanente.\t\t\t\t\t\t\t\t<\/div>\n\t\t\t\t<\/div>\n\t\t\t\t<div class=\"elementor-element elementor-element-6302ebf elementor-widget elementor-widget-text-editor\" data-id=\"6302ebf\" data-element_type=\"widget\" data-e-type=\"widget\" data-widget_type=\"text-editor.default\">\n\t\t\t\t<div class=\"elementor-widget-container\">\n\t\t\t\t\t\t\t\t\tUn responsable des achats d'un grand constructeur automobile a d\u00e9clar\u00e9 : \u201cFinos n'est pas seulement un fournisseur ; il fait partie int\u00e9grante de notre processus de d\u00e9veloppement. Son \u00e9quipe fournit constamment des solutions fiables et opportunes qui r\u00e9pondent \u00e0 nos normes les plus strictes.\u201d\t\t\t\t\t\t\t\t<\/div>\n\t\t\t\t<\/div>\n\t\t\t\t<\/div>\n\t\t\t\t\t<\/div>\n\t\t\t\t<\/div>\n\t\t<div class=\"elementor-element elementor-element-f970043 e-flex e-con-boxed e-con e-parent\" data-id=\"f970043\" data-element_type=\"container\" data-e-type=\"container\">\n\t\t\t\t\t<div class=\"e-con-inner\">\n\t\t<div class=\"elementor-element elementor-element-0464ead e-con-full e-flex e-con e-child\" data-id=\"0464ead\" data-element_type=\"container\" data-e-type=\"container\" data-settings=\"{&quot;background_background&quot;:&quot;classic&quot;}\">\n\t\t\t\t<div class=\"elementor-element elementor-element-8665aaf elementor-widget-divider--view-line elementor-widget elementor-widget-divider\" data-id=\"8665aaf\" data-element_type=\"widget\" data-e-type=\"widget\" data-widget_type=\"divider.default\">\n\t\t\t\t<div class=\"elementor-widget-container\">\n\t\t\t\t\t\t\t<div class=\"elementor-divider\">\n\t\t\t<span class=\"elementor-divider-separator\">\n\t\t\t\t\t\t<\/span>\n\t\t<\/div>\n\t\t\t\t\t\t<\/div>\n\t\t\t\t<\/div>\n\t\t\t\t<div class=\"elementor-element elementor-element-59f6fbb elementor-widget elementor-widget-heading\" data-id=\"59f6fbb\" data-element_type=\"widget\" data-e-type=\"widget\" data-widget_type=\"heading.default\">\n\t\t\t\t<div class=\"elementor-widget-container\">\n\t\t\t\t\t<h2 class=\"elementor-heading-title elementor-size-default\">Fabrication durable, solutions fiables<\/h2>\t\t\t\t<\/div>\n\t\t\t\t<\/div>\n\t\t\t\t<div class=\"elementor-element elementor-element-e17d067 elementor-widget elementor-widget-text-editor\" data-id=\"e17d067\" data-element_type=\"widget\" data-e-type=\"widget\" data-widget_type=\"text-editor.default\">\n\t\t\t\t<div class=\"elementor-widget-container\">\n\t\t\t\t\t\t\t\t\tGuid\u00e9e par la vision de M. Ji, Finos s'engage en faveur d'une fabrication durable. Nous utilisons des mat\u00e9riaux et des proc\u00e9d\u00e9s respectueux de l'environnement pour r\u00e9duire notre impact sur l'environnement et nous aligner sur les objectifs mondiaux en mati\u00e8re de d\u00e9veloppement durable. Notre engagement en faveur d'une fabrication \u00e9cologique nous permet de fournir des solutions d'\u00e9tanch\u00e9it\u00e9 non seulement de haute qualit\u00e9, mais aussi respectueuses de l'environnement.\t\t\t\t\t\t\t\t<\/div>\n\t\t\t\t<\/div>\n\t\t\t\t<\/div>\n\t\t<div class=\"elementor-element elementor-element-fa2fd72 e-con-full e-flex e-con e-child\" data-id=\"fa2fd72\" data-element_type=\"container\" data-e-type=\"container\" data-settings=\"{&quot;background_background&quot;:&quot;classic&quot;}\">\n\t\t\t\t<div class=\"elementor-element elementor-element-c6932d9 elementor-widget elementor-widget-image\" data-id=\"c6932d9\" data-element_type=\"widget\" data-e-type=\"widget\" data-widget_type=\"image.default\">\n\t\t\t\t<div class=\"elementor-widget-container\">\n\t\t\t\t\t\t\t\t\t\t\t\t\t\t\t<img decoding=\"async\" width=\"800\" height=\"600\" src=\"https:\/\/finosil.com\/wp-content\/uploads\/2024\/11\/Custom-Solutions.jpg\" class=\"attachment-large size-large wp-image-310\" alt=\"Custom Solutions\" srcset=\"https:\/\/finosil.com\/wp-content\/uploads\/2024\/11\/Custom-Solutions.jpg 800w, https:\/\/finosil.com\/wp-content\/uploads\/2024\/11\/Custom-Solutions-300x225.jpg 300w, https:\/\/finosil.com\/wp-content\/uploads\/2024\/11\/Custom-Solutions-768x576.jpg 768w, https:\/\/finosil.com\/wp-content\/uploads\/2024\/11\/Custom-Solutions-600x450.jpg 600w\" sizes=\"(max-width: 800px) 100vw, 800px\" \/>\t\t\t\t\t\t\t\t\t\t\t\t\t\t\t<\/div>\n\t\t\t\t<\/div>\n\t\t\t\t<\/div>\n\t\t\t\t\t<\/div>\n\t\t\t\t<\/div>\n\t\t<div class=\"elementor-element elementor-element-b2ed605 e-flex e-con-boxed e-con e-parent\" data-id=\"b2ed605\" data-element_type=\"container\" data-e-type=\"container\">\n\t\t\t\t\t<div class=\"e-con-inner\">\n\t\t<div class=\"elementor-element elementor-element-cb57662 e-flex e-con-boxed e-con e-child\" data-id=\"cb57662\" data-element_type=\"container\" data-e-type=\"container\" data-settings=\"{&quot;background_background&quot;:&quot;classic&quot;}\">\n\t\t\t\t\t<div class=\"e-con-inner\">\n\t\t\t\t<div class=\"elementor-element elementor-element-fd24550 elementor-widget-divider--view-line elementor-widget elementor-widget-divider\" data-id=\"fd24550\" data-element_type=\"widget\" data-e-type=\"widget\" data-widget_type=\"divider.default\">\n\t\t\t\t<div class=\"elementor-widget-container\">\n\t\t\t\t\t\t\t<div class=\"elementor-divider\">\n\t\t\t<span class=\"elementor-divider-separator\">\n\t\t\t\t\t\t<\/span>\n\t\t<\/div>\n\t\t\t\t\t\t<\/div>\n\t\t\t\t<\/div>\n\t\t\t\t<div class=\"elementor-element elementor-element-7fe1609 elementor-widget elementor-widget-heading\" data-id=\"7fe1609\" data-element_type=\"widget\" data-e-type=\"widget\" data-widget_type=\"heading.default\">\n\t\t\t\t<div class=\"elementor-widget-container\">\n\t\t\t\t\t<h2 class=\"elementor-heading-title elementor-size-default\">Perspectives d'avenir<\/h2>\t\t\t\t<\/div>\n\t\t\t\t<\/div>\n\t\t\t\t<div class=\"elementor-element elementor-element-8581460 elementor-widget elementor-widget-text-editor\" data-id=\"8581460\" data-element_type=\"widget\" data-e-type=\"widget\" data-widget_type=\"text-editor.default\">\n\t\t\t\t<div class=\"elementor-widget-container\">\n\t\t\t\t\t\t\t\t\t<p>Finos est fier d'\u00eatre un partenaire de confiance pour ses clients dans le monde entier. Nous nous engageons \u00e0 offrir des solutions d'\u00e9tanch\u00e9it\u00e9 qui r\u00e9pondent aux besoins \u00e9volutifs des industries du monde entier. Ensemble, nous pouvons relever tous les d\u00e9fis et construire un avenir meilleur.<\/p><p>O\u00f9 que vous soyez, Finos est l\u00e0 pour vous fournir les produits d'\u00e9tanch\u00e9it\u00e9 les plus fiables et de la plus haute qualit\u00e9. Avec un engagement en faveur de l'innovation, de la durabilit\u00e9 et de la satisfaction du client, nous serons votre partenaire de confiance \u00e0 long terme pour les solutions d'\u00e9tanch\u00e9it\u00e9.<\/p>\t\t\t\t\t\t\t\t<\/div>\n\t\t\t\t<\/div>\n\t\t\t\t\t<\/div>\n\t\t\t\t<\/div>\n\t\t\t\t\t<\/div>\n\t\t\t\t<\/div>\n\t\t\t\t<\/div>","protected":false},"excerpt":{"rendered":"<p>About Finos Cooperate Now Home Finos \u2013 Your Trusted Sealing Solutions Partner Founded in 2010 in Linqiu County, Weifang, China, [&hellip;]<\/p>\n","protected":false},"author":1,"featured_media":0,"parent":0,"menu_order":0,"comment_status":"closed","ping_status":"closed","template":"elementor_header_footer","meta":{"_acf_changed":false,"site-sidebar-layout":"no-sidebar","site-content-layout":"","ast-site-content-layout":"full-width-container","site-content-style":"default","site-sidebar-style":"default","ast-global-header-display":"","ast-banner-title-visibility":"","ast-main-header-display":"","ast-hfb-above-header-display":"","ast-hfb-below-header-display":"","ast-hfb-mobile-header-display":"","site-post-title":"disabled","ast-breadcrumbs-content":"","ast-featured-img":"disabled","footer-sml-layout":"","ast-disable-related-posts":"","theme-transparent-header-meta":"","adv-header-id-meta":"","stick-header-meta":"","header-above-stick-meta":"","header-main-stick-meta":"","header-below-stick-meta":"","astra-migrate-meta-layouts":"default","ast-page-background-enabled":"default","ast-page-background-meta":{"desktop":{"background-color":"var(--ast-global-color-4)","background-image":"","background-repeat":"repeat","background-position":"center center","background-size":"auto","background-attachment":"scroll","background-type":"","background-media":"","overlay-type":"","overlay-color":"","overlay-opacity":"","overlay-gradient":""},"tablet":{"background-color":"","background-image":"","background-repeat":"repeat","background-position":"center center","background-size":"auto","background-attachment":"scroll","background-type":"","background-media":"","overlay-type":"","overlay-color":"","overlay-opacity":"","overlay-gradient":""},"mobile":{"background-color":"","background-image":"","background-repeat":"repeat","background-position":"center center","background-size":"auto","background-attachment":"scroll","background-type":"","background-media":"","overlay-type":"","overlay-color":"","overlay-opacity":"","overlay-gradient":""}},"ast-content-background-meta":{"desktop":{"background-color":"var(--ast-global-color-5)","background-image":"","background-repeat":"repeat","background-position":"center center","background-size":"auto","background-attachment":"scroll","background-type":"","background-media":"","overlay-type":"","overlay-color":"","overlay-opacity":"","overlay-gradient":""},"tablet":{"background-color":"var(--ast-global-color-5)","background-image":"","background-repeat":"repeat","background-position":"center center","background-size":"auto","background-attachment":"scroll","background-type":"","background-media":"","overlay-type":"","overlay-color":"","overlay-opacity":"","overlay-gradient":""},"mobile":{"background-color":"var(--ast-global-color-5)","background-image":"","background-repeat":"repeat","background-position":"center center","background-size":"auto","background-attachment":"scroll","background-type":"","background-media":"","overlay-type":"","overlay-color":"","overlay-opacity":"","overlay-gradient":""}},"footnotes":""},"class_list":["post-537","page","type-page","status-publish","hentry"],"acf":[],"_links":{"self":[{"href":"https:\/\/finosil.com\/fr\/wp-json\/wp\/v2\/pages\/537","targetHints":{"allow":["GET"]}}],"collection":[{"href":"https:\/\/finosil.com\/fr\/wp-json\/wp\/v2\/pages"}],"about":[{"href":"https:\/\/finosil.com\/fr\/wp-json\/wp\/v2\/types\/page"}],"author":[{"embeddable":true,"href":"https:\/\/finosil.com\/fr\/wp-json\/wp\/v2\/users\/1"}],"replies":[{"embeddable":true,"href":"https:\/\/finosil.com\/fr\/wp-json\/wp\/v2\/comments?post=537"}],"version-history":[{"count":68,"href":"https:\/\/finosil.com\/fr\/wp-json\/wp\/v2\/pages\/537\/revisions"}],"predecessor-version":[{"id":1502,"href":"https:\/\/finosil.com\/fr\/wp-json\/wp\/v2\/pages\/537\/revisions\/1502"}],"wp:attachment":[{"href":"https:\/\/finosil.com\/fr\/wp-json\/wp\/v2\/media?parent=537"}],"curies":[{"name":"wp","href":"https:\/\/api.w.org\/{rel}","templated":true}]}}